{"id":8,"date":"2011-12-05T10:12:09","date_gmt":"2011-12-05T10:12:09","guid":{"rendered":"http:\/\/www.ntwrk.fr\/d\/bgd\/?page_id=8"},"modified":"2021-11-23T17:53:16","modified_gmt":"2021-11-23T17:53:16","slug":"avocats","status":"publish","type":"page","link":"https:\/\/www.bgd-avocats.fr\/?page_id=8","title":{"rendered":"Equipe"},"content":{"rendered":"<h3>Florence BERNIGARD<\/h3>\n<p>Florence Bernigard, avocat fondateur du Cabinet, est sp\u00e9cialis\u00e9e en droit fiscal. Elle a d\u00e9velopp\u00e9 une expertise particuli\u00e8re en mati\u00e8re de fiscalit\u00e9 de groupe, de fiscalit\u00e9 des soci\u00e9t\u00e9s de personnes \u00e0 l&rsquo;international, notamment des partnerships d&rsquo;activit\u00e9 et d&rsquo;investissements, de fiscalit\u00e9 des dirigeants de soci\u00e9t\u00e9s, de fiscalit\u00e9 du patrimoine et de fiscalit\u00e9 des organismes \u00e0 but non lucratif. Elle dispose \u00e9galement d\u2019une solide exp\u00e9rience en mati\u00e8re de n\u00e9gociation et de contentieux en mati\u00e8re fiscale, droit du travail et droit de la s\u00e9curit\u00e9 sociale.<\/p>\n<p>Avocat au Barreau de Paris, Florence Bernigard est titulaire d&rsquo;un DESS en Fiscalit\u00e9 Appliqu\u00e9e (Paris V) et d&rsquo;un DESS de Juriste d&rsquo;Affaires (Paris V).<\/p>\n<h3>Mounir AZAMI<\/h3>\n<p>Mounir Azami, avocat, a rejoint le Cabinet en 2012 apr\u00e8s avoir exerc\u00e9 au sein du cabinet TAJ. Il a d\u00e9velopp\u00e9 une expertise en mati\u00e8re de fiscalit\u00e9 des entreprises, de fiscalit\u00e9 des soci\u00e9t\u00e9s de personnes \u00e0 l&rsquo;international, de fiscalit\u00e9 du patrimoine et de mobilit\u00e9 internationale.<\/p>\n<p>Avocat au Barreau de Paris, Mounir Azami est titulaire d&rsquo;un DEA en Droit Fiscal (Paris II) ainsi que du DESS en Fiscalit\u00e9 appliqu\u00e9e (Paris V).<\/p>\n<h3>Pierre NESTOR<\/h3>\n<p>Pierre Nestor, avocat, a rejoint le Cabinet en 2013. Il est titulaire d&rsquo;un Master 2 en Fusion Acquisition et Financement (Evry Val d&rsquo;Essone), d&rsquo;un Master 2 Fiscalit\u00e9 conseil et gestion en entreprise (INSEEC) et d&rsquo;un Dipl\u00f4me universitaire de Common Law et de droit compar\u00e9 (Paris V). Il intervient en fiscalit\u00e9 des entreprises et des particuliers ainsi qu&rsquo;en contentieux.<\/p>\n<h3>S\u00e9gol\u00e8ne BARBEAU<\/h3>\n<p>S\u00e9gol\u00e8ne Barbeau a rejoint le Cabinet en 2015. Elle est titulaire d&rsquo;un Master 1 Droit des affaires (Bordeaux), d&rsquo;un Master 1 Droit du Patrimoine (Montpellier) et d&rsquo;un Master 2 Juriste Fiscaliste (Paris V). Elle intervient en fiscalit\u00e9 des entreprises et des particuliers ainsi qu&rsquo;en droit du patrimoine et droit de la s\u00e9curit\u00e9 sociale.<\/p>\n<p>Notre \u00e9quipe est second\u00e9e par de jeunes collaborateurs et avocats stagiaires et travaille main dans la main avec des avocats correspondants sp\u00e9cialis\u00e9 en Droit de la Famille, Droit immobilier, Droit du Travail et Financement ainsi que des notaires.<\/p>\n","protected":false},"excerpt":{"rendered":"<p>Florence BERNIGARD Florence Bernigard, avocat fondateur du Cabinet, est sp\u00e9cialis\u00e9e en droit fiscal. Elle a d\u00e9velopp\u00e9 une expertise particuli\u00e8re en mati\u00e8re de fiscalit\u00e9 de groupe, de fiscalit\u00e9 des soci\u00e9t\u00e9s de personnes \u00e0 l&rsquo;international, notamment des partnerships d&rsquo;activit\u00e9 et d&rsquo;investissements, de fiscalit\u00e9 des dirigeants de soci\u00e9t\u00e9s, de fiscalit\u00e9 du patrimoine et de fiscalit\u00e9 des organismes \u00e0 [&hellip;]<\/p>\n","protected":false},"author":1,"featured_media":0,"parent":0,"menu_order":2,"comment_status":"open","ping_status":"open","template":"about-template.php","meta":{"footnotes":""},"class_list":["post-8","page","type-page","status-publish","hentry"],"_links":{"self":[{"href":"https:\/\/www.bgd-avocats.fr\/index.php?rest_route=\/wp\/v2\/pages\/8","targetHints":{"allow":["GET"]}}],"collection":[{"href":"https:\/\/www.bgd-avocats.fr\/index.php?rest_route=\/wp\/v2\/pages"}],"about":[{"href":"https:\/\/www.bgd-avocats.fr\/index.php?rest_route=\/wp\/v2\/types\/page"}],"author":[{"embeddable":true,"href":"https:\/\/www.bgd-avocats.fr\/index.php?rest_route=\/wp\/v2\/users\/1"}],"replies":[{"embeddable":true,"href":"https:\/\/www.bgd-avocats.fr\/index.php?rest_route=%2Fwp%2Fv2%2Fcomments&post=8"}],"version-history":[{"count":32,"href":"https:\/\/www.bgd-avocats.fr\/index.php?rest_route=\/wp\/v2\/pages\/8\/revisions"}],"predecessor-version":[{"id":1211,"href":"https:\/\/www.bgd-avocats.fr\/index.php?rest_route=\/wp\/v2\/pages\/8\/revisions\/1211"}],"wp:attachment":[{"href":"https:\/\/www.bgd-avocats.fr\/index.php?rest_route=%2Fwp%2Fv2%2Fmedia&parent=8"}],"curies":[{"name":"wp","href":"https:\/\/api.w.org\/{rel}","templated":true}]}}