{"id":5,"date":"2011-12-05T10:09:40","date_gmt":"2011-12-05T10:09:40","guid":{"rendered":"http:\/\/www.ntwrk.fr\/d\/bgd\/?page_id=5"},"modified":"2012-12-26T15:50:30","modified_gmt":"2012-12-26T15:50:30","slug":"presentation","status":"publish","type":"page","link":"https:\/\/www.bgd-avocats.fr\/","title":{"rendered":"Pr\u00e9sentation"},"content":{"rendered":"<p>Partageant une m\u00eame conception d\u2019ouverture et de rigueur de notre m\u00e9tier, notre \u00e9quipe d&rsquo;avocats exp\u00e9riment\u00e9s place ses clients au coeur de ses pr\u00e9occupations, afin d&rsquo;oeuvrer en parfaite synergie et efficacit\u00e9.<\/p>\n<p>Nous privil\u00e9gions une relation qualitative, fond\u00e9e sur une \u00e9coute attentive des besoins exprim\u00e9s et une analyse rigoureuse des options possibles r\u00e9sultant du savoir-faire et de l&rsquo;exp\u00e9rience de notre \u00e9quipe.<\/p>\n<p>Nos avocats travaillent habituellement en \u00e9quipe et assurent leurs interventions au terme d&rsquo;une r\u00e9flexion globale alliant cr\u00e9ativit\u00e9 et rigueur, afin d\u2019apporter la r\u00e9ponse la plus appropri\u00e9e \u00e0 chaque client et \u00e0 chaque situation.<\/p>\n<p>Nos clients sont des entreprises de toutes tailles, des personnes physiques (pour des probl\u00e9matiques professionnelles et\/ou priv\u00e9es), des cabinets d&rsquo;avocats, experts-comptables et banques de gestion priv\u00e9e.<\/p>\n","protected":false},"excerpt":{"rendered":"<p>Partageant une m\u00eame conception d\u2019ouverture et de rigueur de notre m\u00e9tier, notre \u00e9quipe d&rsquo;avocats exp\u00e9riment\u00e9s place ses clients au coeur de ses pr\u00e9occupations, afin d&rsquo;oeuvrer en parfaite synergie et efficacit\u00e9. Nous privil\u00e9gions une relation qualitative, fond\u00e9e sur une \u00e9coute attentive des besoins exprim\u00e9s et une analyse rigoureuse des options possibles r\u00e9sultant du savoir-faire et de [&hellip;]<\/p>\n","protected":false},"author":1,"featured_media":0,"parent":0,"menu_order":1,"comment_status":"open","ping_status":"open","template":"","meta":{"footnotes":""},"class_list":["post-5","page","type-page","status-publish","hentry"],"_links":{"self":[{"href":"https:\/\/www.bgd-avocats.fr\/index.php?rest_route=\/wp\/v2\/pages\/5","targetHints":{"allow":["GET"]}}],"collection":[{"href":"https:\/\/www.bgd-avocats.fr\/index.php?rest_route=\/wp\/v2\/pages"}],"about":[{"href":"https:\/\/www.bgd-avocats.fr\/index.php?rest_route=\/wp\/v2\/types\/page"}],"author":[{"embeddable":true,"href":"https:\/\/www.bgd-avocats.fr\/index.php?rest_route=\/wp\/v2\/users\/1"}],"replies":[{"embeddable":true,"href":"https:\/\/www.bgd-avocats.fr\/index.php?rest_route=%2Fwp%2Fv2%2Fcomments&post=5"}],"version-history":[{"count":14,"href":"https:\/\/www.bgd-avocats.fr\/index.php?rest_route=\/wp\/v2\/pages\/5\/revisions"}],"predecessor-version":[{"id":80,"href":"https:\/\/www.bgd-avocats.fr\/index.php?rest_route=\/wp\/v2\/pages\/5\/revisions\/80"}],"wp:attachment":[{"href":"https:\/\/www.bgd-avocats.fr\/index.php?rest_route=%2Fwp%2Fv2%2Fmedia&parent=5"}],"curies":[{"name":"wp","href":"https:\/\/api.w.org\/{rel}","templated":true}]}}