{"id":30,"date":"2011-12-05T10:27:24","date_gmt":"2011-12-05T10:27:24","guid":{"rendered":"http:\/\/www.ntwrk.fr\/d\/bgd\/?page_id=30"},"modified":"2012-01-26T23:45:27","modified_gmt":"2012-01-26T23:45:27","slug":"droit-du-travail-droit-de-la-securite-sociale-mobilite-internationale","status":"publish","type":"page","link":"https:\/\/www.bgd-avocats.fr\/?page_id=30","title":{"rendered":"Droit du travail, droit de la s\u00e9curit\u00e9 sociale, mobilit\u00e9 internationale"},"content":{"rendered":"<p><strong>bgd<\/strong> avocats assiste les employeurs en mati\u00e8re de droit du travail, droit de la s\u00e9curit\u00e9 sociale et mobilit\u00e9 internationale.<\/p>\n<h4>DROIT DU TRAVAIL<\/h4>\n<p><strong>bgd<\/strong> avocats conseille en amont les employeurs en mati\u00e8re de droit du travail (identification des risques, d\u00e9finition des plans d&rsquo;action ad\u00e9quats, mise en oeuvre) et les assiste en phase pr\u00e9-contentieuse et contentieuse.<\/p>\n<h4>DROIT DE LA SECURITE SOCIALE<\/h4>\n<p><strong>bgd<\/strong> avocats assiste les employeurs et professionnels ind\u00e9pendants en mati\u00e8re de contentieux de la s\u00e9curit\u00e9 sociale.<\/p>\n<h4>MOBILITE INTERNATIONALE<\/h4>\n<p><strong>bgd <\/strong>avocats dispose d&rsquo;une exp\u00e9rience significative en mati\u00e8re de mobilit\u00e9 internationale des dirigeants et salari\u00e9s, en collaboration si besoin avec ses correspondants \u00e9trangers.<\/p>\n","protected":false},"excerpt":{"rendered":"<p>bgd avocats assiste les employeurs en mati\u00e8re de droit du travail, droit de la s\u00e9curit\u00e9 sociale et mobilit\u00e9 internationale. DROIT DU TRAVAIL bgd avocats conseille en amont les employeurs en mati\u00e8re de droit du travail (identification des risques, d\u00e9finition des plans d&rsquo;action ad\u00e9quats, mise en oeuvre) et les assiste en phase pr\u00e9-contentieuse et contentieuse. DROIT [&hellip;]<\/p>\n","protected":false},"author":1,"featured_media":0,"parent":10,"menu_order":5,"comment_status":"open","ping_status":"open","template":"","meta":{"footnotes":""},"class_list":["post-30","page","type-page","status-publish","hentry"],"_links":{"self":[{"href":"https:\/\/www.bgd-avocats.fr\/index.php?rest_route=\/wp\/v2\/pages\/30","targetHints":{"allow":["GET"]}}],"collection":[{"href":"https:\/\/www.bgd-avocats.fr\/index.php?rest_route=\/wp\/v2\/pages"}],"about":[{"href":"https:\/\/www.bgd-avocats.fr\/index.php?rest_route=\/wp\/v2\/types\/page"}],"author":[{"embeddable":true,"href":"https:\/\/www.bgd-avocats.fr\/index.php?rest_route=\/wp\/v2\/users\/1"}],"replies":[{"embeddable":true,"href":"https:\/\/www.bgd-avocats.fr\/index.php?rest_route=%2Fwp%2Fv2%2Fcomments&post=30"}],"version-history":[{"count":9,"href":"https:\/\/www.bgd-avocats.fr\/index.php?rest_route=\/wp\/v2\/pages\/30\/revisions"}],"predecessor-version":[{"id":173,"href":"https:\/\/www.bgd-avocats.fr\/index.php?rest_route=\/wp\/v2\/pages\/30\/revisions\/173"}],"up":[{"embeddable":true,"href":"https:\/\/www.bgd-avocats.fr\/index.php?rest_route=\/wp\/v2\/pages\/10"}],"wp:attachment":[{"href":"https:\/\/www.bgd-avocats.fr\/index.php?rest_route=%2Fwp%2Fv2%2Fmedia&parent=30"}],"curies":[{"name":"wp","href":"https:\/\/api.w.org\/{rel}","templated":true}]}}