{"id":28,"date":"2011-12-05T10:27:11","date_gmt":"2011-12-05T10:27:11","guid":{"rendered":"http:\/\/www.ntwrk.fr\/d\/bgd\/?page_id=28"},"modified":"2012-01-26T23:43:54","modified_gmt":"2012-01-26T23:43:54","slug":"fiscalite-des-particuliers","status":"publish","type":"page","link":"https:\/\/www.bgd-avocats.fr\/?page_id=28","title":{"rendered":"Fiscalit\u00e9 des particuliers"},"content":{"rendered":"<h3>FISCALITE DES PERSONNES PHYSIQUES : PATRIMOINE PROFESSIONNEL &amp; PRIVE<\/h3>\n<p>&nbsp;<\/p>\n<h4>Fiscalit\u00e9 professionnelle<\/h4>\n<p><strong>bgd<\/strong> avocats assiste les personnes physiques dans le cadre de leurs op\u00e9rations d\u2019acquisition et\/ou de cession d\u2019entreprises, lors de la mise en place et de la sortie des op\u00e9rations de \u00ab management packages \u00bb et de mise en place de r\u00e9mun\u00e9rations diverses (stock options, actions gratuites, BSPCE\u2026), en mati\u00e8re notamment d\u2019imp\u00f4t sur le revenu, d\u2019imp\u00f4t de solidarit\u00e9 sur la fortune et de droits de donation et succession.<\/p>\n<h4>Gestion fiscale personnelle<\/h4>\n<p><strong>bgd<\/strong> avocats assiste les personnes physiques dans la gestion fiscale de leur patrimoine mobilier et immobilier, tant en mati\u00e8re d\u2019imp\u00f4t sur le revenu que d\u2019imp\u00f4t de solidarit\u00e9 sur la fortune et de droits de donation et\/ou de succession, avec une comp\u00e9tence particuli\u00e8re en mati\u00e8re de \u00ab Pactes Dutreil \u00bb.<\/p>\n<h4>Contentieux fiscal<\/h4>\n<p><strong>bgd<\/strong> avocats repr\u00e9sente ses clients personnes physiques dans le cadre des contr\u00f4les fiscaux et contentieux qui les opposent \u00e0 l\u2019administration fiscale.<\/p>\n","protected":false},"excerpt":{"rendered":"<p>FISCALITE DES PERSONNES PHYSIQUES : PATRIMOINE PROFESSIONNEL &amp; PRIVE &nbsp; Fiscalit\u00e9 professionnelle bgd avocats assiste les personnes physiques dans le cadre de leurs op\u00e9rations d\u2019acquisition et\/ou de cession d\u2019entreprises, lors de la mise en place et de la sortie des op\u00e9rations de \u00ab management packages \u00bb et de mise en place de r\u00e9mun\u00e9rations diverses (stock [&hellip;]<\/p>\n","protected":false},"author":1,"featured_media":0,"parent":10,"menu_order":4,"comment_status":"open","ping_status":"open","template":"","meta":{"footnotes":""},"class_list":["post-28","page","type-page","status-publish","hentry"],"_links":{"self":[{"href":"https:\/\/www.bgd-avocats.fr\/index.php?rest_route=\/wp\/v2\/pages\/28","targetHints":{"allow":["GET"]}}],"collection":[{"href":"https:\/\/www.bgd-avocats.fr\/index.php?rest_route=\/wp\/v2\/pages"}],"about":[{"href":"https:\/\/www.bgd-avocats.fr\/index.php?rest_route=\/wp\/v2\/types\/page"}],"author":[{"embeddable":true,"href":"https:\/\/www.bgd-avocats.fr\/index.php?rest_route=\/wp\/v2\/users\/1"}],"replies":[{"embeddable":true,"href":"https:\/\/www.bgd-avocats.fr\/index.php?rest_route=%2Fwp%2Fv2%2Fcomments&post=28"}],"version-history":[{"count":5,"href":"https:\/\/www.bgd-avocats.fr\/index.php?rest_route=\/wp\/v2\/pages\/28\/revisions"}],"predecessor-version":[{"id":191,"href":"https:\/\/www.bgd-avocats.fr\/index.php?rest_route=\/wp\/v2\/pages\/28\/revisions\/191"}],"up":[{"embeddable":true,"href":"https:\/\/www.bgd-avocats.fr\/index.php?rest_route=\/wp\/v2\/pages\/10"}],"wp:attachment":[{"href":"https:\/\/www.bgd-avocats.fr\/index.php?rest_route=%2Fwp%2Fv2%2Fmedia&parent=28"}],"curies":[{"name":"wp","href":"https:\/\/api.w.org\/{rel}","templated":true}]}}