{"id":24,"date":"2011-12-05T10:26:40","date_gmt":"2011-12-05T10:26:40","guid":{"rendered":"http:\/\/www.ntwrk.fr\/d\/bgd\/?page_id=24"},"modified":"2012-01-26T23:42:49","modified_gmt":"2012-01-26T23:42:49","slug":"droit-des-societes-droit-des-affaires","status":"publish","type":"page","link":"https:\/\/www.bgd-avocats.fr\/?page_id=24","title":{"rendered":"Droit des soci\u00e9t\u00e9s &#038; droit des affaires"},"content":{"rendered":"<p><strong>bgd<\/strong> avocats assiste les entreprises dans le cadre de leurs activit\u00e9s courantes en mati\u00e8re de droit des soci\u00e9t\u00e9s et droit des affaires, \u00e0 tous les stades de leur d\u00e9veloppement (cr\u00e9ation, acquisition, restructuration, cession, &#8230;).<\/p>\n<p>La vie d&rsquo;une entreprise est rythm\u00e9e par une multitude de d\u00e9cisions et d&rsquo;actions notamment juridiques qui l&rsquo;engagent vis-\u00e0-vis de ses salari\u00e9s, de ses fournisseurs et clients, et m\u00eame des tiers.<\/p>\n<p>Les possibilit\u00e9s sont parfois nombreuses et la pertinence de tel ou tel choix va n\u00e9cessairement influencer la p\u00e9rennit\u00e9 et le d\u00e9veloppement de la soci\u00e9t\u00e9. Afin de vous aider \u00e0 adopter la solution la meilleure, <strong>bgd<\/strong> avocats propose de mettre \u00e0 votre service son expertise juridique dans le cadre d\u2019op\u00e9rations d\u2019audit juridique.<\/p>\n<p>&nbsp;<\/p>\n<h4>DOMAINES D&rsquo;INTERVENTION<\/h4>\n<p>&#8211; Droit des contrats<\/p>\n<p>&#8211; Droit de l&rsquo;entreprise<\/p>\n<p>&#8211; Suivi juridique des soci\u00e9t\u00e9s<\/p>\n<p>&#8211; Op\u00e9rations de restructuration des soci\u00e9t\u00e9s &#8211; Transmission d&rsquo;entreprises<\/p>\n<p>&#8211; Baux commerciaux, baux professionnels<\/p>\n","protected":false},"excerpt":{"rendered":"<p>bgd avocats assiste les entreprises dans le cadre de leurs activit\u00e9s courantes en mati\u00e8re de droit des soci\u00e9t\u00e9s et droit des affaires, \u00e0 tous les stades de leur d\u00e9veloppement (cr\u00e9ation, acquisition, restructuration, cession, &#8230;). La vie d&rsquo;une entreprise est rythm\u00e9e par une multitude de d\u00e9cisions et d&rsquo;actions notamment juridiques qui l&rsquo;engagent vis-\u00e0-vis de ses salari\u00e9s, [&hellip;]<\/p>\n","protected":false},"author":1,"featured_media":0,"parent":10,"menu_order":2,"comment_status":"open","ping_status":"open","template":"","meta":{"footnotes":""},"class_list":["post-24","page","type-page","status-publish","hentry"],"_links":{"self":[{"href":"https:\/\/www.bgd-avocats.fr\/index.php?rest_route=\/wp\/v2\/pages\/24","targetHints":{"allow":["GET"]}}],"collection":[{"href":"https:\/\/www.bgd-avocats.fr\/index.php?rest_route=\/wp\/v2\/pages"}],"about":[{"href":"https:\/\/www.bgd-avocats.fr\/index.php?rest_route=\/wp\/v2\/types\/page"}],"author":[{"embeddable":true,"href":"https:\/\/www.bgd-avocats.fr\/index.php?rest_route=\/wp\/v2\/users\/1"}],"replies":[{"embeddable":true,"href":"https:\/\/www.bgd-avocats.fr\/index.php?rest_route=%2Fwp%2Fv2%2Fcomments&post=24"}],"version-history":[{"count":5,"href":"https:\/\/www.bgd-avocats.fr\/index.php?rest_route=\/wp\/v2\/pages\/24\/revisions"}],"predecessor-version":[{"id":190,"href":"https:\/\/www.bgd-avocats.fr\/index.php?rest_route=\/wp\/v2\/pages\/24\/revisions\/190"}],"up":[{"embeddable":true,"href":"https:\/\/www.bgd-avocats.fr\/index.php?rest_route=\/wp\/v2\/pages\/10"}],"wp:attachment":[{"href":"https:\/\/www.bgd-avocats.fr\/index.php?rest_route=%2Fwp%2Fv2%2Fmedia&parent=24"}],"curies":[{"name":"wp","href":"https:\/\/api.w.org\/{rel}","templated":true}]}}