{"id":22,"date":"2011-12-05T10:26:22","date_gmt":"2011-12-05T10:26:22","guid":{"rendered":"http:\/\/www.ntwrk.fr\/d\/bgd\/?page_id=22"},"modified":"2012-01-26T23:41:29","modified_gmt":"2012-01-26T23:41:29","slug":"fiscalite-des-societes-des-groupes","status":"publish","type":"page","link":"https:\/\/www.bgd-avocats.fr\/?page_id=22","title":{"rendered":"Fiscalit\u00e9 des soci\u00e9t\u00e9s &#038; des groupes"},"content":{"rendered":"<p>Les entreprises doivent prendre en compte les impacts fiscaux dans toute d\u00e9cision strat\u00e9gique concernant la r\u00e9organisation, la croissance, les nouvelles implantations ou le choix d&rsquo;investissement.<\/p>\n<p>En outre, la complexit\u00e9 et le poids des impositions de toute nature impactant l&rsquo;entreprise, qu\u2019il s\u2019agisse d\u2019imp\u00f4ts directs ou indirects, n\u00e9cessite un contr\u00f4le, un suivi et, le cas \u00e9ch\u00e9ant, une optimisation.<\/p>\n<p>Le r\u00f4le de <strong>bgd<\/strong> avocats, identifier les enjeux fiscaux, les zones de risques et les opportunit\u00e9s, proposer des solutions adapt\u00e9es et en suivre l&rsquo;ex\u00e9cution.<\/p>\n<p>Cette activit\u00e9 s\u2019inscrit le plus souvent dans le cadre d\u2019un contrat d\u2019assistance annuel.<\/p>\n<p>&nbsp;<\/p>\n<h4>DOMAINES D&rsquo;INTERVENTION<\/h4>\n<p>&#8211; Fiscalit\u00e9 des entreprises et des dirigeants<\/p>\n<p>&#8211; Optimisation et transmission du patrimoine<\/p>\n<p>&#8211; Fiscalit\u00e9 des soci\u00e9t\u00e9s de personnes \u00e0 l&rsquo;international (partnerships, LLP, LLC, &#8230;)<\/p>\n<p>&#8211; Fiscalit\u00e9 des salari\u00e9s expatri\u00e9s, d\u00e9tach\u00e9s et impatri\u00e9s<\/p>\n<p>&#8211; Audits fiscaux et optimisation des situations rencontr\u00e9es sur la fiscalit\u00e9 traditionnelle (IS, TVA, imp\u00f4ts directs locaux)<\/p>\n<p>&#8211; Fiscalit\u00e9 immobili\u00e8re, directe ou indirecte<\/p>\n<p>&#8211; Fiscalit\u00e9 directe locale (contribution \u00e9conomique territoriale, taxe fonci\u00e8re, taxe sur les bureaux)<\/p>\n","protected":false},"excerpt":{"rendered":"<p>Les entreprises doivent prendre en compte les impacts fiscaux dans toute d\u00e9cision strat\u00e9gique concernant la r\u00e9organisation, la croissance, les nouvelles implantations ou le choix d&rsquo;investissement. En outre, la complexit\u00e9 et le poids des impositions de toute nature impactant l&rsquo;entreprise, qu\u2019il s\u2019agisse d\u2019imp\u00f4ts directs ou indirects, n\u00e9cessite un contr\u00f4le, un suivi et, le cas \u00e9ch\u00e9ant, une [&hellip;]<\/p>\n","protected":false},"author":1,"featured_media":0,"parent":10,"menu_order":1,"comment_status":"open","ping_status":"open","template":"","meta":{"footnotes":""},"class_list":["post-22","page","type-page","status-publish","hentry"],"_links":{"self":[{"href":"https:\/\/www.bgd-avocats.fr\/index.php?rest_route=\/wp\/v2\/pages\/22","targetHints":{"allow":["GET"]}}],"collection":[{"href":"https:\/\/www.bgd-avocats.fr\/index.php?rest_route=\/wp\/v2\/pages"}],"about":[{"href":"https:\/\/www.bgd-avocats.fr\/index.php?rest_route=\/wp\/v2\/types\/page"}],"author":[{"embeddable":true,"href":"https:\/\/www.bgd-avocats.fr\/index.php?rest_route=\/wp\/v2\/users\/1"}],"replies":[{"embeddable":true,"href":"https:\/\/www.bgd-avocats.fr\/index.php?rest_route=%2Fwp%2Fv2%2Fcomments&post=22"}],"version-history":[{"count":16,"href":"https:\/\/www.bgd-avocats.fr\/index.php?rest_route=\/wp\/v2\/pages\/22\/revisions"}],"predecessor-version":[{"id":189,"href":"https:\/\/www.bgd-avocats.fr\/index.php?rest_route=\/wp\/v2\/pages\/22\/revisions\/189"}],"up":[{"embeddable":true,"href":"https:\/\/www.bgd-avocats.fr\/index.php?rest_route=\/wp\/v2\/pages\/10"}],"wp:attachment":[{"href":"https:\/\/www.bgd-avocats.fr\/index.php?rest_route=%2Fwp%2Fv2%2Fmedia&parent=22"}],"curies":[{"name":"wp","href":"https:\/\/api.w.org\/{rel}","templated":true}]}}