{"id":18,"date":"2011-12-05T10:17:09","date_gmt":"2011-12-05T10:17:09","guid":{"rendered":"http:\/\/www.ntwrk.fr\/d\/bgd\/?page_id=18"},"modified":"2012-09-20T15:16:56","modified_gmt":"2012-09-20T15:16:56","slug":"contact","status":"publish","type":"page","link":"https:\/\/www.bgd-avocats.fr\/?page_id=18","title":{"rendered":"Contact"},"content":{"rendered":"<h4>bgd avocats<\/h4>\n<h4>cabinet bernigard<\/h4>\n<p>15, rue Vignon<br \/>\n75008 PARIS<\/p>\n<p>T\u00e9l\u00e9phone : 01 43 80 87 56<br \/>\nFax : 01 53 30 04 26<\/p>\n<h4>M\u00e9tro :<\/h4>\n<p>&#8211; Havre Caumartin (lignes 9, 3)<br \/>\n&#8211; Madeleine (lignes 8, 12, 14)<\/p>\n<h4>RER :<\/h4>\n<p>Auber (ligne A)<\/p>\n","protected":false},"excerpt":{"rendered":"<p>bgd avocats cabinet bernigard 15, rue Vignon 75008 PARIS T\u00e9l\u00e9phone : 01 43 80 87 56 Fax : 01 53 30 04 26 M\u00e9tro : &#8211; Havre Caumartin (lignes 9, 3) &#8211; Madeleine (lignes 8, 12, 14) RER : Auber (ligne A)<\/p>\n","protected":false},"author":1,"featured_media":0,"parent":0,"menu_order":7,"comment_status":"open","ping_status":"open","template":"contact-template.php","meta":{"footnotes":""},"class_list":["post-18","page","type-page","status-publish","hentry"],"_links":{"self":[{"href":"https:\/\/www.bgd-avocats.fr\/index.php?rest_route=\/wp\/v2\/pages\/18","targetHints":{"allow":["GET"]}}],"collection":[{"href":"https:\/\/www.bgd-avocats.fr\/index.php?rest_route=\/wp\/v2\/pages"}],"about":[{"href":"https:\/\/www.bgd-avocats.fr\/index.php?rest_route=\/wp\/v2\/types\/page"}],"author":[{"embeddable":true,"href":"https:\/\/www.bgd-avocats.fr\/index.php?rest_route=\/wp\/v2\/users\/1"}],"replies":[{"embeddable":true,"href":"https:\/\/www.bgd-avocats.fr\/index.php?rest_route=%2Fwp%2Fv2%2Fcomments&post=18"}],"version-history":[{"count":15,"href":"https:\/\/www.bgd-avocats.fr\/index.php?rest_route=\/wp\/v2\/pages\/18\/revisions"}],"predecessor-version":[{"id":198,"href":"https:\/\/www.bgd-avocats.fr\/index.php?rest_route=\/wp\/v2\/pages\/18\/revisions\/198"}],"wp:attachment":[{"href":"https:\/\/www.bgd-avocats.fr\/index.php?rest_route=%2Fwp%2Fv2%2Fmedia&parent=18"}],"curies":[{"name":"wp","href":"https:\/\/api.w.org\/{rel}","templated":true}]}}