{"id":16,"date":"2011-12-05T10:16:47","date_gmt":"2011-12-05T10:16:47","guid":{"rendered":"http:\/\/www.ntwrk.fr\/d\/bgd\/?page_id=16"},"modified":"2012-01-08T20:38:21","modified_gmt":"2012-01-08T20:38:21","slug":"recrutement","status":"publish","type":"page","link":"https:\/\/www.bgd-avocats.fr\/?page_id=16","title":{"rendered":"Recrutement"},"content":{"rendered":"<h3>Collaboration<\/h3>\n<p>Le recrutement au sein du Cabinet est effectu\u00e9 en fonction de nos besoins et des rencontres, la personnalit\u00e9 des candidats \u00e9tant un atout d\u00e9terminant.<\/p>\n<p>Il s\u2019effectue selon diff\u00e9rents crit\u00e8res li\u00e9s notamment \u00e0 la qualit\u00e9 de la formation, \u00e0 la comp\u00e9tence, \u00e0 la personnalit\u00e9 et aux qualit\u00e9s humaines de chacun.<\/p>\n<p>Le recrutement des collaborateurs qui ont effectu\u00e9 un stage au sein de notre Cabinet lors de leurs \u00e9tudes est privil\u00e9gi\u00e9.<\/p>\n<p>Le Cabinet attache une attention particuli\u00e8re \u00e0 la qualit\u00e9 du recrutement ainsi qu\u2019\u00e0 la formation et l\u2019\u00e9volution de ses collaborateurs. Ces derniers sont amen\u00e9s \u00e0 travailler pour les clients du Cabinet en relation avec l\u2019ensemble de ses membres et \u00e0 intervenir \u00e0 tous les stades des dossiers.<\/p>\n<h3>Stages<\/h3>\n<p>Le Cabinet propose des stages tout au long de l\u2019ann\u00e9e d\u2019une dur\u00e9e de 3 \u00e0 6 mois, plus particuli\u00e8rement au 1<sup>er<\/sup> semestre de chaque ann\u00e9e.<\/p>\n<p>Le Cabinet accueille en priorit\u00e9 des \u00e9l\u00e8ves avocats en cours de CRFPA d\u00e9j\u00e0 titulaires d\u2019un troisi\u00e8me cycle (Master 2, DJCE) \u00e0 dominante fiscale, mais \u00e9galement des \u00e9tudiants en troisi\u00e8me cycle de droit fiscal.<\/p>\n<p>Les stages sont r\u00e9mun\u00e9r\u00e9s dans le cadre d\u2019une convention de stage.<\/p>\n<p>Les candidatures (cv et lettre de motivation) qui doivent pr\u00e9ciser les dates de disponibilit\u00e9 sont \u00e0 adresser :<\/p>\n<p>Par courrier :<\/p>\n<p>bgd avocats | cabinet bernigard<br \/>\n15, rue Vignon 75008 PARIS<\/p>\n","protected":false},"excerpt":{"rendered":"<p>Collaboration Le recrutement au sein du Cabinet est effectu\u00e9 en fonction de nos besoins et des rencontres, la personnalit\u00e9 des candidats \u00e9tant un atout d\u00e9terminant. Il s\u2019effectue selon diff\u00e9rents crit\u00e8res li\u00e9s notamment \u00e0 la qualit\u00e9 de la formation, \u00e0 la comp\u00e9tence, \u00e0 la personnalit\u00e9 et aux qualit\u00e9s humaines de chacun. Le recrutement des collaborateurs qui [&hellip;]<\/p>\n","protected":false},"author":1,"featured_media":0,"parent":0,"menu_order":6,"comment_status":"open","ping_status":"open","template":"","meta":{"footnotes":""},"class_list":["post-16","page","type-page","status-publish","hentry"],"_links":{"self":[{"href":"https:\/\/www.bgd-avocats.fr\/index.php?rest_route=\/wp\/v2\/pages\/16","targetHints":{"allow":["GET"]}}],"collection":[{"href":"https:\/\/www.bgd-avocats.fr\/index.php?rest_route=\/wp\/v2\/pages"}],"about":[{"href":"https:\/\/www.bgd-avocats.fr\/index.php?rest_route=\/wp\/v2\/types\/page"}],"author":[{"embeddable":true,"href":"https:\/\/www.bgd-avocats.fr\/index.php?rest_route=\/wp\/v2\/users\/1"}],"replies":[{"embeddable":true,"href":"https:\/\/www.bgd-avocats.fr\/index.php?rest_route=%2Fwp%2Fv2%2Fcomments&post=16"}],"version-history":[{"count":8,"href":"https:\/\/www.bgd-avocats.fr\/index.php?rest_route=\/wp\/v2\/pages\/16\/revisions"}],"predecessor-version":[{"id":159,"href":"https:\/\/www.bgd-avocats.fr\/index.php?rest_route=\/wp\/v2\/pages\/16\/revisions\/159"}],"wp:attachment":[{"href":"https:\/\/www.bgd-avocats.fr\/index.php?rest_route=%2Fwp%2Fv2%2Fmedia&parent=16"}],"curies":[{"name":"wp","href":"https:\/\/api.w.org\/{rel}","templated":true}]}}