{"id":147,"date":"2011-12-19T16:16:20","date_gmt":"2011-12-19T16:16:20","guid":{"rendered":"http:\/\/www.ntwrk.fr\/d\/bgd\/?page_id=147"},"modified":"2015-10-05T09:14:01","modified_gmt":"2015-10-05T09:14:01","slug":"test","status":"publish","type":"page","link":"https:\/\/www.bgd-avocats.fr\/?page_id=147","title":{"rendered":"Mentions l\u00e9gales"},"content":{"rendered":"<p>MENTIONS LEGALES<\/p>\n<p>Le site <a href=\"https:\/\/www.bgd-avocats.fr\">www.bgd-avocats.fr<\/a> est \u00e9dit\u00e9 par le Cabinet Bernigard sis 15 rue Vignon \u00e0 Paris (75008), &#8211; n\u00b0 SIREN : 481 497 881 00021 et n\u00b0 TVA intra-communautaire : FR 164 814 978 81. Le directeur de la publication est Ma\u00eetre Florence Bernigard.<\/p>\n<p><a href=\"https:\/\/www.bgd-avocats.fr\">www.bgd-avocats.fr<\/a> est un site d&rsquo;information sur le Cabinet d&rsquo;avocats Bernigard (15 rue Vignon \u00e0 Paris &#8211; 75008 &#8211; T\u00e9l\u00e9phone : +33 143 808 756).<\/p>\n<p>Les informations consultables sur le site le sont \u00e0 titre informatif et ne constituent en aucune fa\u00e7on une offre de services. Le Cabinet Bernigard ne saurait garantir l&rsquo;exactitude, l&rsquo;exhaustivit\u00e9 ou l&rsquo;actualit\u00e9 des informations diffus\u00e9es sur le site. Par cons\u00e9quent, il ne garantit en aucune mani\u00e8re que ces informations sont exactes, compl\u00e8tes et \u00e0 jour et de mani\u00e8re g\u00e9n\u00e9rale, ne fournit aucune garantie expresse ou tacite, concernant tout ou partie des informations mises \u00e0 disposition sur son site Internet. Le Cabinet Bernigard met tout en \u0153uvre pour offrir aux utilisateurs des informations disponibles et v\u00e9rifi\u00e9es mais ne saurait en aucun cas \u00eatre tenu pour responsable des erreurs ou omissions, ainsi que d&rsquo;une \u00e9ventuelle indisponibilit\u00e9 d&rsquo;informations ou de services. En cons\u00e9quence, l&rsquo;utilisateur reconna\u00eet utiliser ces informations sous sa responsabilit\u00e9 exclusive, \u00e9tant entendu que la responsabilit\u00e9 du Cabinet Bernigard ou de son directeur de publication ne pourra en aucun cas \u00eatre recherch\u00e9e, en raison de l\u2019utilisation faite par quiconque des informations diffus\u00e9es sur le site. Le site <a href=\"https:\/\/www.bgd-avocats.fr\">www.bgd-avocats.fr<\/a> est un site portail donnant acc\u00e8s \u00e0 d&rsquo;autres sites, susceptibles de pr\u00e9senter leurs propres r\u00e8gles d&rsquo;acc\u00e8s et d&rsquo;utilisation, qu&rsquo;il convient de consulter et de respecter.<\/p>\n<p>Le site <a href=\"https:\/\/www.bgd-avocats.fr\">www.bgd-avocats.fr<\/a> est h\u00e9berg\u00e9 et h\u00e9berg\u00e9 par OVH SAS, 2 rue Kellermann \u2013 59100 Roubaix &#8211; T\u00e9l\u00e9phone : +33 158 140 980) immatricul\u00e9e au RCS de Paris sous le n\u00b0 B 414433938 RCS. Il a \u00e9t\u00e9 con\u00e7u et d\u00e9velopp\u00e9 par Thomas Vuchot.<\/p>\n<p>Avertissement :<br \/>\nToutes informations figurant sur le site sont purement indicatives et ne sauraient engager \u00e0 aucun titre que ce soit la responsabilit\u00e9 des diff\u00e9rents intervenants pr\u00e9cit\u00e9s.<\/p>\n<p>Le site <a href=\"https:\/\/www.bgd-avocats.fr\">www.bgd-avocats.fr <\/a>et chacun des \u00e9l\u00e9ments qui le composent, notamment mais non limitativement, les textes, images, photographies, illustrations, sons, musiques sont, sauf mentions particuli\u00e8res, la propri\u00e9t\u00e9 exclusive du Cabinet Bernigard. En cons\u00e9quence, en application des dispositions du Code de la propri\u00e9t\u00e9 intellectuelle, des dispositions l\u00e9gislatives et r\u00e9glementaires de tous pays et des conventions internationales, toute reproduction ou repr\u00e9sentation, int\u00e9grale ou partielle, du site ou de l&rsquo;un quelconque des \u00e9l\u00e9ments qui le composent, est interdite de m\u00eame que leur alt\u00e9ration.<\/p>\n<p>Le nom de domaine <a href=\"https:\/\/www.bgd-avocats.fr\">www.bgd-avocats.fr<\/a> est la propri\u00e9t\u00e9 exclusive du Cabinet Bernigard. De m\u00eame, les marques et logos apparaissant sur le site Internet sont la propri\u00e9t\u00e9 exclusive du Cabinet Bernigard. Toute reproduction ou utilisation de ces marques, logos ou noms de domaine, de quelque mani\u00e8re et \u00e0 quelque titre que ce soit, est interdite.<\/p>\n<p>La cr\u00e9ation de liens hypertexte vers le site <a href=\"https:\/\/www.bgd-avocats.fr\">www.bgd-avocats.fr<\/a> ne peut \u00eatre faite qu&rsquo;avec l&rsquo;autorisation \u00e9crite et pr\u00e9alable du Cabinet Bernigard qui d\u00e9cline toute responsabilit\u00e9 quant au contenu de sites tiers qui seraient li\u00e9s \u00e0 son site Internet.<\/p>\n<p>Conform\u00e9ment \u00e0 la loi \u00ab Informatique et Libert\u00e9s \u00bb du 6 janvier 1978 (art.27) modifi\u00e9e par la loi du 6 ao\u00fbt 2004, vous \u00eates inform\u00e9(e) que le Cabinet Bernigard proc\u00e8de \u00e0 des traitements automatis\u00e9s de vos donn\u00e9es personnelles, notamment lors de votre connexion \u00e0 notre site ou dans le cadre des formulaires en ligne remplis par vos soins.<\/p>\n<p>\u00c0 ce titre, vous disposez d&rsquo;un droit d&rsquo;acc\u00e8s, de modification, de rectification et de suppression des donn\u00e9es personnelles qui vous concernent. Pour l&rsquo;exercer, adressez-vous au Service Communication Web &#8211; Cabinet Bernigard, 15, rue Vignon, 75008 Paris.<\/p>\n<p>Le Cabinet Bernigard est destinataire des donn\u00e9es personnelles recueillie par l&rsquo;interm\u00e9diaire de son site Internet. Aucune donn\u00e9e ainsi collect\u00e9e n\u2019est transmise \u00e0 des tiers.<\/p>\n","protected":false},"excerpt":{"rendered":"<p>MENTIONS LEGALES Le site www.bgd-avocats.fr est \u00e9dit\u00e9 par le Cabinet Bernigard sis 15 rue Vignon \u00e0 Paris (75008), &#8211; n\u00b0 SIREN : 481 497 881 00021 et n\u00b0 TVA intra-communautaire : FR 164 814 978 81. Le directeur de la publication est Ma\u00eetre Florence Bernigard. www.bgd-avocats.fr est un site d&rsquo;information sur le Cabinet d&rsquo;avocats Bernigard [&hellip;]<\/p>\n","protected":false},"author":1,"featured_media":0,"parent":0,"menu_order":0,"comment_status":"closed","ping_status":"closed","template":"","meta":{"footnotes":""},"class_list":["post-147","page","type-page","status-publish","hentry"],"_links":{"self":[{"href":"https:\/\/www.bgd-avocats.fr\/index.php?rest_route=\/wp\/v2\/pages\/147","targetHints":{"allow":["GET"]}}],"collection":[{"href":"https:\/\/www.bgd-avocats.fr\/index.php?rest_route=\/wp\/v2\/pages"}],"about":[{"href":"https:\/\/www.bgd-avocats.fr\/index.php?rest_route=\/wp\/v2\/types\/page"}],"author":[{"embeddable":true,"href":"https:\/\/www.bgd-avocats.fr\/index.php?rest_route=\/wp\/v2\/users\/1"}],"replies":[{"embeddable":true,"href":"https:\/\/www.bgd-avocats.fr\/index.php?rest_route=%2Fwp%2Fv2%2Fcomments&post=147"}],"version-history":[{"count":14,"href":"https:\/\/www.bgd-avocats.fr\/index.php?rest_route=\/wp\/v2\/pages\/147\/revisions"}],"predecessor-version":[{"id":784,"href":"https:\/\/www.bgd-avocats.fr\/index.php?rest_route=\/wp\/v2\/pages\/147\/revisions\/784"}],"wp:attachment":[{"href":"https:\/\/www.bgd-avocats.fr\/index.php?rest_route=%2Fwp%2Fv2%2Fmedia&parent=147"}],"curies":[{"name":"wp","href":"https:\/\/api.w.org\/{rel}","templated":true}]}}